{"id":26,"date":"2023-05-30T19:28:06","date_gmt":"2023-05-30T19:28:06","guid":{"rendered":"https:\/\/nesa.al\/wp\/home\/"},"modified":"2023-06-01T19:45:18","modified_gmt":"2023-06-01T19:45:18","slug":"kryesore","status":"publish","type":"page","link":"https:\/\/nesa.al\/wp\/","title":{"rendered":"Kryesore"},"content":{"rendered":"\n\n\n<h2>Disa nga sh\u00ebrbimet q\u00eb ne ofrojm\u00eb<\/h2>\n\n\n\n<p>NESA Technologiesofron sh\u00ebrbime inxhinierike t\u00eb sistemit me cik\u00ebl t\u00eb plot\u00eb, nga analizimi deri te dizajnimi i \u00e7\u00ebshtjeve dhe sistemeve komplekse, p\u00ebrmes zbatimit, integrimit dhe mir\u00ebmbajtjes. Produktet tona softuerike sipas k\u00ebrkes\u00ebs jan\u00eb njohur nga klient\u00ebt tan\u00eb p\u00ebr funksionalitetin, p\u00ebrdorshm\u00ebrin\u00eb, besueshm\u00ebrin\u00eb e tyre.<\/p>\n\n\n<p>N\u00eb NESA Technologies, ne vazhdimisht investojm\u00eb n\u00eb eksperimentimin e teknologjive, ne p\u00ebrdorim k\u00ebto teknologji p\u00ebr t\u00eb mir\u00ebn e klient\u00ebve tan\u00eb. Interesat tona aktuale p\u00ebrfshijn\u00eb analitik\u00ebn e t\u00eb dh\u00ebnave, t\u00eb dh\u00ebna t\u00eb m\u00ebdha, pa server, mikrosh\u00ebrbime, programim reaktiv, IoT, aplikacione progresive n\u00eb ueb dhe platforma si Devops, AWS.<\/p>\n\n\n<p>Ne u sh\u00ebrbejm\u00eb klient\u00ebve tan\u00eb duke ofruar me sukses projektet tona dhe k\u00ebt\u00eb e arrijm\u00eb vet\u00ebm p\u00ebrmes menaxhimit efektiv dhe efikas t\u00eb projektit. Ne mb\u00ebshtetemi n\u00eb paradigmat, standardet dhe korniz\u00ebn m\u00eb t\u00eb mir\u00eb t\u00eb menaxhimit t\u00eb projektit dhe i rregullojm\u00eb ato n\u00eb p\u00ebrputhje me llojin e projektit dhe nevojat e tij.<\/p>\n\n\n\n\n<p>P\u00ebr shkak t\u00eb proceseve tona t\u00eb d\u00ebshmuara t\u00eb zhvillimit t\u00eb softuerit, NESA Technologies ofron sh\u00ebrbime t\u00eb cil\u00ebsis\u00eb s\u00eb lart\u00eb t\u00eb mb\u00ebshtetjes, mir\u00ebmbajtjes dhe p\u00ebrmir\u00ebsimit me nj\u00eb kosto t\u00eb reduktuar. Ne ofrojm\u00eb nj\u00eb cik\u00ebl t\u00eb plot\u00eb sh\u00ebrbimesh t\u00eb mir\u00ebmbajtjes dhe mb\u00ebshtetjes s\u00eb softuerit IT p\u00ebr t\u00eb siguruar p\u00ebrmir\u00ebsime t\u00eb dobishme dhe hapa optimizimi.<\/p>\n\n\n<p>NESSA Technologies siguron zbatimin e tubacioneve ETL efikase dhe t\u00eb besueshme n\u00eb \u00e7do hap t\u00eb rrug\u00ebs, n\u00eb m\u00ebnyr\u00eb q\u00eb t\u00eb siguroj\u00eb nj\u00eb migrim t\u00eb suksessh\u00ebm t\u00eb t\u00eb dh\u00ebnave tuaja t\u00eb vlefshme. Ekspert\u00ebt tan\u00eb p\u00ebrdorin plane migrimi t\u00eb plota dhe t\u00eb kund\u00ebrshtuara nga rreziku p\u00ebr nxjerrjen manuale dhe t\u00eb automatizuar t\u00eb t\u00eb dh\u00ebnave dhe zbatimin.<br><\/p>\n\n\n<p>Qasja jon\u00eb holistike ndaj teknologjis\u00eb na b\u00ebn partnerin ideal p\u00ebr sh\u00ebrbimet e integrimit dhe konsolidimit, nga niveli i infrastruktur\u00ebs deri te aplikacionet e biznesit dhe zgjidhjet vertikale. Ne ofrojm\u00eb sh\u00ebrbime t\u00eb integrimit t\u00eb nd\u00ebrmarrjeve q\u00eb ndihmojn\u00eb bizneset, klient\u00ebt dhe punonj\u00ebsit e tyre t\u00eb lidhen m\u00eb shum\u00eb me p\u00ebrvojat m\u00eb aktuale dixhitale.<\/p>\n\n\n\n\n\n\n\n\n<h2>NESA Technologies<\/h2>\n\n\n\n\n\n\n\n\n\n\n\n\n\n\n\n\n\n\n\n<h2>Disa vler\u00ebsime nga klient\u00ebt ton\u00eb<\/h2>\n\n\n\n<p style=\"text-align: left\">Un\u00eb nd\u00ebrtova Website-in tim me NESA Technologies, n\u00eb vet\u00ebm 1 jav\u00eb e dizenjuan, nd\u00ebrtuan, e b\u00ebn aktiv dhe ma ofruan n\u00eb 2 gjuh\u00eb. Jam shum\u00eb i k\u00ebnaqur me cil\u00ebsin\u00eb e pun\u00ebs dhe nivelin e sh\u00ebrbimit. Faleminderit p\u00ebr krijimin e <a href=\"https:\/\/www.involvi.al\">Involvi.al.<\/a><\/p>\n\n\n<p style=\"text-align: left\">Jam shum\u00eb i lumtur me pun\u00ebn e NESA Technologies p\u00ebr zhvillimin e website t\u00eb kompanis\u00eb sime <a href=\"https:\/\/www.laviva.al\/wp\/\">Laviva.al<\/a>. M\u00eb p\u00eblqen, kualiteti, grafika, estetika e faqes dhe p\u00ebr m\u00eb tep\u00ebr \u00e7mimi i arsyesh\u00ebm. G\u00ebzoni respektin tim maksimal.<\/p>\n\n\n<p style=\"text-align: left\">NESA Technologies m\u00eb ka ndihmuar me krijimin e website-it tim. Ato kan\u00eb b\u00ebr\u00eb nj\u00eb pun\u00eb t\u00eb shk\u00eblqyer edhe un\u00eb u jam shum\u00eb mir\u00ebnjoh\u00ebse p\u00ebr&nbsp;<a href=\"https:\/\/www.microtech.al\/\">Microtech.al<\/a>.&nbsp;Do t&#8217;ia rekomandoja t\u00eb gjith\u00ebve k\u00ebt\u00eb Kompani pa asnj\u00eb hezitim.<\/p>\n\n\n\n\n","protected":false},"excerpt":{"rendered":"","protected":false},"author":0,"featured_media":0,"parent":0,"menu_order":0,"comment_status":"closed","ping_status":"closed","template":"","meta":{"footnotes":""},"class_list":["post-26","page","type-page","status-publish","hentry"],"_links":{"self":[{"href":"https:\/\/nesa.al\/wp\/index.php?rest_route=\/wp\/v2\/pages\/26","targetHints":{"allow":["GET"]}}],"collection":[{"href":"https:\/\/nesa.al\/wp\/index.php?rest_route=\/wp\/v2\/pages"}],"about":[{"href":"https:\/\/nesa.al\/wp\/index.php?rest_route=\/wp\/v2\/types\/page"}],"replies":[{"embeddable":true,"href":"https:\/\/nesa.al\/wp\/index.php?rest_route=%2Fwp%2Fv2%2Fcomments&post=26"}],"version-history":[{"count":70,"href":"https:\/\/nesa.al\/wp\/index.php?rest_route=\/wp\/v2\/pages\/26\/revisions"}],"predecessor-version":[{"id":329,"href":"https:\/\/nesa.al\/wp\/index.php?rest_route=\/wp\/v2\/pages\/26\/revisions\/329"}],"wp:attachment":[{"href":"https:\/\/nesa.al\/wp\/index.php?rest_route=%2Fwp%2Fv2%2Fmedia&parent=26"}],"curies":[{"name":"wp","href":"https:\/\/api.w.org\/{rel}","templated":true}]}}