{"id":29,"date":"2023-05-30T19:28:06","date_gmt":"2023-05-30T19:28:06","guid":{"rendered":"https:\/\/nesa.al\/wp\/about\/"},"modified":"2023-06-01T20:13:45","modified_gmt":"2023-06-01T20:13:45","slug":"rethnesh","status":"publish","type":"page","link":"https:\/\/nesa.al\/wp\/?page_id=29","title":{"rendered":"Rreth nesh"},"content":{"rendered":"\n\n\n\n<h1>Rreth nesh<\/h1>\n\n\n\n\n\n\n\n\n\n\n\n<h2>\u00c7far\u00eb \u00ebsht\u00eb NESA Technologies?<\/h2>\n\n\n<p>NESA Technologies \u00ebsht\u00eb nj\u00eb nga kompanit\u00eb m\u00eb inovatore n\u00eb Shqip\u00ebri. N\u00eb NESA Technologies ne dim\u00eb t\u00eb krijojm\u00eb zgjidhje p\u00ebrmes teknologjis\u00eb. M\u00eb shum\u00eb se 4 vjet eksperienc\u00eb dhe nj\u00eb p\u00ebrpjekje e vazhdueshme p\u00ebr p\u00ebrmir\u00ebsim e b\u00ebjn\u00eb NESA Technologies partnerin tuaj t\u00eb duhur.<\/p>\n<p>Ekipi yn\u00eb gjithnj\u00eb n\u00eb rritje prej 7 profesionist\u00ebsh dhe investimi i vazhduesh\u00ebm te njer\u00ebzit tan\u00eb jan\u00eb forcat shtyt\u00ebse pas arritjeve tona. E specializuar n\u00eb hartimin e Wesite-eve, dizenjimin dhe zhvillimin e sistemeve ERP, DMS, Arkivave Dixhitale, EMIS, etj, NESA Technologies q\u00ebndron nj\u00eb kompani e besueshme n\u00eb Shqip\u00ebri n\u00eb fush\u00ebn e zhvillimit t\u00eb softuerit.&nbsp;<br><\/p>\n\n\n\n\n\n<h2>Modelet e bashk\u00ebpunimit<\/h2>\n\n\n\n\n\n<p>P\u00ebr nj\u00eb q\u00ebllim shum\u00eb t\u00eb p\u00ebrcaktuar mir\u00eb, ne ofrojm\u00eb nj\u00eb vler\u00ebsim p\u00ebr koh\u00ebn dhe p\u00ebrpjekjet dhe ju paguani n\u00eb p\u00ebrputhje me marr\u00ebveshjen ton\u00eb<\/p>\n\n\n\n<p>Zgjerim virtual i ekipit tuaj t\u00eb zhvillimit me ekipin ton\u00eb t\u00eb p\u00ebrkushtuar vet\u00ebm p\u00ebr projektin tuaj optimizon koh\u00ebn dhe buxhetin.<\/p>\n\n\n\n<p>P\u00ebr nj\u00eb q\u00ebllim shum\u00eb t\u00eb p\u00ebrcaktuar mir\u00eb, ne ofrojm\u00eb nj\u00eb vler\u00ebsim p\u00ebr koh\u00ebn dhe p\u00ebrpjekjet dhe ju paguani n\u00eb p\u00ebrputhje me marr\u00ebveshjen ton\u00eb<\/p>\n\n\n\n\n\n\n\n\n<h2>P\u00ebrse duhet q\u00eb t\u00eb zgjidhni NESA Technologies?<\/h2>\n\n\n\n\n<p>Mbulimi i t\u00eb gjith\u00eb ciklit jet\u00ebsor t\u00eb projektit.&nbsp; Metodologji dhe standarde t\u00eb njohura. Inovacioni dhe teknologjit\u00eb e reja<\/p>\n\n\n<p>Partneritete afatgjata, t\u00eb ndershme dhe t\u00eb besueshme. Konfidencialiteti i garantuar i ideve tuaja dhe IPR. Integriteti dhe promovimi i suksesit t\u00eb punonj\u00ebsve tan\u00eb<\/p>\n\n\n<p>Koha e shpejt\u00eb e p\u00ebrgjigjes. Ekipe fleksib\u00ebl dhe t\u00eb shkall\u00ebzuar. P\u00ebrputhshm\u00ebri e kultur\u00ebs dhe gjuh\u00ebs. Eksperienc\u00eb 20 vje\u00e7are e drejtues\u00ebve tan\u00eb.<\/p>\n\n\n\n\n\n\n\n<h2>Kompetencat tona<\/h2>\n\n\n\n\n\n\n\n\n\n<p>Azure DevOps; Jenkins; Sonarqube ; Git ; Visual Studio; Visual Studio Code; Eclipse, NetBeans, Intellij<\/p>\n\n\n\n\n<p>BizTalk; Logic Apps; SQL Server Integration Services; Apache Camel; Spring Integrations<\/p>\n\n\n\n<p>Openlayers API, ArcGIS Online, ArcGIS Server, GeoExt, Leaflet, Google Maps JS API; PostgreSQL\/PostGIS, SQL Server;<\/p>\n\n\n<p>Azure, Amazon Web Services, On-demand cloud services<\/p>\n\n\n\n<p>HTML, CSS, Javascript; Angular, React, Jquery, Razor<br><\/p>\n\n\n\n\n<p>SQL SERVER; Oracle DB; MYSQL; PostgreSQL; DB2; MongoDB<\/p>\n\n\n\n\n<p>WPF; Windows Forms; Universal Apps; Swing; JavaFX<\/p>\n\n\n\n<p>React Native; Xamarin; Codename; ONE;<\/p>\n\n\n<p>Sharepoint; Umbraco; WebAssembler; Nuxeo;<\/p>\n\n\n\n\n","protected":false},"excerpt":{"rendered":"","protected":false},"author":0,"featured_media":0,"parent":0,"menu_order":0,"comment_status":"closed","ping_status":"closed","template":"","meta":{"footnotes":""},"class_list":["post-29","page","type-page","status-publish","hentry"],"_links":{"self":[{"href":"https:\/\/nesa.al\/wp\/index.php?rest_route=\/wp\/v2\/pages\/29","targetHints":{"allow":["GET"]}}],"collection":[{"href":"https:\/\/nesa.al\/wp\/index.php?rest_route=\/wp\/v2\/pages"}],"about":[{"href":"https:\/\/nesa.al\/wp\/index.php?rest_route=\/wp\/v2\/types\/page"}],"replies":[{"embeddable":true,"href":"https:\/\/nesa.al\/wp\/index.php?rest_route=%2Fwp%2Fv2%2Fcomments&post=29"}],"version-history":[{"count":82,"href":"https:\/\/nesa.al\/wp\/index.php?rest_route=\/wp\/v2\/pages\/29\/revisions"}],"predecessor-version":[{"id":361,"href":"https:\/\/nesa.al\/wp\/index.php?rest_route=\/wp\/v2\/pages\/29\/revisions\/361"}],"wp:attachment":[{"href":"https:\/\/nesa.al\/wp\/index.php?rest_route=%2Fwp%2Fv2%2Fmedia&parent=29"}],"curies":[{"name":"wp","href":"https:\/\/api.w.org\/{rel}","templated":true}]}}