{"id":365,"date":"2023-06-01T20:19:43","date_gmt":"2023-06-01T20:19:43","guid":{"rendered":"https:\/\/nesa.al\/wp\/?page_id=365"},"modified":"2024-04-17T10:04:38","modified_gmt":"2024-04-17T10:04:38","slug":"portofoli","status":"publish","type":"page","link":"https:\/\/nesa.al\/wp\/?page_id=365","title":{"rendered":"Portofoli"},"content":{"rendered":"\n\n\n<h1>Portofoli<\/h1>\n\n\n\n\n\n\n<p>Pun\u00ebt tona m\u00eb t\u00eb reja &#8211; website<\/p>\n\n\n\n<div style=\"text-align: left;\"><font color=\"#ffffff\"><span style=\"font-size: 14px;\">Laviva Technologies \u00ebsht\u00eb nj\u00eb nga operator\u00ebt m\u00eb serioz\u00eb t\u00eb tregut t\u00eb Sistemeve t\u00eb Kondicionimit n\u00eb Shqip\u00ebri. Themeluar n\u00eb vitin 2018 Laviva ka arritur t\u00eb integrohet m\u00eb s\u00eb miri ne tregun Shqiptar duke sjell\u00eb mark\u00ebn bot\u00ebrore VIVAX n\u00eb Shqip\u00ebri.<\/span><\/font><\/div>\n\n\n<p style=\"text-align: left;\"><font color=\"#ffffff\">Ne jemi nj\u00eb ekip profesionist\u00ebsh me p\u00ebrvoj\u00eb dhe t\u00eb p\u00ebrkushtuar t\u00eb burimeve njer\u00ebzore, t\u00eb cil\u00ebt lul\u00ebzojn\u00eb n\u00eb misionin thell\u00ebsisht t\u00eb k\u00ebnaqsh\u00ebm t\u00eb zgjidhjes s\u00eb problemeve t\u00eb klient\u00ebve dhe ofrimit t\u00eb rezultateve dometh\u00ebn\u00ebse t\u00eb biznesit p\u00ebrmes zgjidhjeve t\u00eb burimeve njer\u00ebzore.<\/font><br><\/p>\n\n\n<p style=\"text-align: left;\"><font color=\"#ffffff\">Ofrojm\u00eb produkte, sh\u00ebrbime dhe zgjidhje t\u00eb dedikuara q\u00eb i japin vler\u00eb t\u00eb shtuar biznesit t\u00eb klient\u00ebve tan\u00eb, duke fituar n\u00eb k\u00ebt\u00eb m\u00ebnyr\u00eb respektin dhe besnik\u00ebrin\u00eb e tyre. Ne angazhohemi t\u00eb p\u00ebrmbushim pritshm\u00ebrit\u00eb maksimale t\u00eb klient\u00ebve tan\u00eb.<\/font><br><\/p>\n\n\n\n\n\n\n<h1>Pun\u00ebt tona m\u00eb t\u00eb reja &#8211; Sistemet<\/h1>\n\n\n<h6><span style=\"color: rgb(97, 97, 97); font-family: Poppins; font-size: 14px;\">Zhvillimi i dixhitalizimit t\u00eb k\u00ebshtjellave mesjetare t\u00eb Shqip\u00ebris\u00eb. Krijimi i modeleve fotogrametrike, rimodelimi i tyre dhe optimizimi p\u00ebr teknologjin\u00eb VR. Zhvillimi i aplikacioneve me burim t\u00eb hapur dhe p\u00ebrshtatja e tyre n\u00eb realitetin aplikativ Shqiptar.<\/span><br><\/h6>\n\n\n\n\n\n\n\n<h4>Arkiv\u00eb Dixhitale<\/h4>\n<h6><font color=\"#616161\" face=\"Poppins\"><span style=\"font-size: 14px;\">Zhvillimi i platform\u00ebs s\u00eb dixhitalizimit t\u00eb materialeve audio\/video nga fonotekat dhe videotekat e vjetra nga formati bobin\u00eb 4.5, 9.5, 19mm\/s, VHS, SVHS, Ampex, 8mm, Betacam n\u00eb format dixhital MP3 dhe MP4. Nd\u00ebrthurja e arkiv\u00ebs me faqen e internetit t\u00eb institucionit.&nbsp;<\/span><\/font><\/h6>\n\n\n<h6><span style=\"color: rgb(97, 97, 97); font-family: Poppins; font-size: 14px;\">Zhvillimi i platform\u00ebs s\u00eb dixhitalizimit s\u00eb bibliotekave dixhitale ku fondi p\u00ebrb\u00ebhet nga revista, artikuj, dor\u00ebshkrime, libra dhe gazeta. Hartimi i aplikacioneve Web, moduleve nd\u00ebrthur\u00ebse dhe databaz\u00ebs duke ofruar siguri dhe kompresim deri n\u00eb 90%.<\/span><br><\/h6>\n\n\n\n\n","protected":false},"excerpt":{"rendered":"","protected":false},"author":1,"featured_media":0,"parent":0,"menu_order":0,"comment_status":"closed","ping_status":"closed","template":"","meta":{"footnotes":""},"class_list":["post-365","page","type-page","status-publish","hentry"],"_links":{"self":[{"href":"https:\/\/nesa.al\/wp\/index.php?rest_route=\/wp\/v2\/pages\/365","targetHints":{"allow":["GET"]}}],"collection":[{"href":"https:\/\/nesa.al\/wp\/index.php?rest_route=\/wp\/v2\/pages"}],"about":[{"href":"https:\/\/nesa.al\/wp\/index.php?rest_route=\/wp\/v2\/types\/page"}],"author":[{"embeddable":true,"href":"https:\/\/nesa.al\/wp\/index.php?rest_route=\/wp\/v2\/users\/1"}],"replies":[{"embeddable":true,"href":"https:\/\/nesa.al\/wp\/index.php?rest_route=%2Fwp%2Fv2%2Fcomments&post=365"}],"version-history":[{"count":39,"href":"https:\/\/nesa.al\/wp\/index.php?rest_route=\/wp\/v2\/pages\/365\/revisions"}],"predecessor-version":[{"id":444,"href":"https:\/\/nesa.al\/wp\/index.php?rest_route=\/wp\/v2\/pages\/365\/revisions\/444"}],"wp:attachment":[{"href":"https:\/\/nesa.al\/wp\/index.php?rest_route=%2Fwp%2Fv2%2Fmedia&parent=365"}],"curies":[{"name":"wp","href":"https:\/\/api.w.org\/{rel}","templated":true}]}}